{"id":547,"date":"2024-05-02T17:50:46","date_gmt":"2024-05-02T17:50:46","guid":{"rendered":"https:\/\/smartlumberai.ca\/privacy-policy\/"},"modified":"2024-12-09T13:25:10","modified_gmt":"2024-12-09T13:25:10","slug":"politique-de-confidentialite","status":"publish","type":"page","link":"https:\/\/smartlumberai.ca\/fr\/politique-de-confidentialite\/","title":{"rendered":"Politique de Confidentialit\u00e9"},"content":{"rendered":"\n<h2 class=\"wp-block-heading\">Qui sommes-nous<\/h2>\n\n\n\n<p>L\u2019adresse de notre site web est : <a href=\"https:\/\/smartlumberai.w.manu.team\/\">https:\/\/smartlumberai.w.manu.team<\/a>.<\/p>\n\n\n\n<h3 class=\"wp-block-heading\">Commentaires<\/h3>\n\n\n\n<p>Lorsque les visiteurs laissent des commentaires sur le site, nous collectons les donn\u00e9es indiqu\u00e9es dans le formulaire de commentaire, ainsi que l\u2019adresse IP du visiteur et la cha\u00eene de l\u2019agent utilisateur de son navigateur, pour aider \u00e0 la d\u00e9tection des spams.<\/p>\n\n\n\n<p>Une cha\u00eene anonymis\u00e9e cr\u00e9\u00e9e \u00e0 partir de votre adresse e-mail (\u00e9galement appel\u00e9e hash) peut \u00eatre fournie au service Gravatar pour v\u00e9rifier si vous l\u2019utilisez. La politique de confidentialit\u00e9 du service Gravatar est disponible ici : <a href=\"https:\/\/automattic.com\/privacy\/\">https:\/\/automattic.com\/privacy\/<\/a>. Apr\u00e8s approbation de votre commentaire, votre photo de profil sera visible publiquement dans le contexte de votre commentaire.<\/p>\n\n\n\n<h3 class=\"wp-block-heading\">M\u00e9dias<\/h3>\n\n\n\n<p>Si vous t\u00e9l\u00e9chargez des images sur le site web, \u00e9vitez de t\u00e9l\u00e9charger des images contenant des donn\u00e9es de localisation int\u00e9gr\u00e9es (EXIF GPS). Les visiteurs du site peuvent t\u00e9l\u00e9charger et extraire ces donn\u00e9es de localisation des images sur le site.<\/p>\n\n\n\n<h3 class=\"wp-block-heading\">Cookies<\/h3>\n\n\n\n<p>Si vous laissez un commentaire sur notre site, vous pouvez choisir d\u2019enregistrer votre nom, votre adresse e-mail et votre site web dans des cookies. Ces cookies sont l\u00e0 pour votre confort afin que vous n\u2019ayez pas \u00e0 remplir \u00e0 nouveau vos informations lors de la publication d\u2019un autre commentaire. Ces cookies durent un an.<\/p>\n\n\n\n<p>Si vous visitez notre page de connexion, un cookie temporaire sera cr\u00e9\u00e9 pour v\u00e9rifier si votre navigateur accepte les cookies. Ce cookie ne contient aucune donn\u00e9e personnelle et sera supprim\u00e9 lorsque vous fermerez votre navigateur.<\/p>\n\n\n\n<p>Lorsque vous vous connectez, plusieurs cookies sont mis en place pour enregistrer vos informations de connexion et vos pr\u00e9f\u00e9rences d\u2019affichage \u00e0 l\u2019\u00e9cran. Les cookies de connexion durent deux jours, et ceux des pr\u00e9f\u00e9rences d\u2019affichage durent un an. Si vous s\u00e9lectionnez \u00ab Se souvenir de moi \u00bb, votre connexion persistera pendant deux semaines. Si vous vous d\u00e9connectez de votre compte, les cookies de connexion seront supprim\u00e9s.<\/p>\n\n\n\n<p>En cas d\u2019\u00e9dition ou de publication d\u2019un article, un cookie suppl\u00e9mentaire sera enregistr\u00e9 dans votre navigateur. Ce cookie ne contient aucune donn\u00e9e personnelle et indique simplement l\u2019identifiant de l\u2019article que vous venez de modifier. Il expire apr\u00e8s un jour.<\/p>\n\n\n\n<h3 class=\"wp-block-heading\">Contenu int\u00e9gr\u00e9 d\u2019autres sites<\/h3>\n\n\n\n<p>Les articles de ce site peuvent inclure du contenu int\u00e9gr\u00e9 (par exemple, vid\u00e9os, images, articles). Le contenu int\u00e9gr\u00e9 depuis d\u2019autres sites se comporte de la m\u00eame mani\u00e8re que si le visiteur avait visit\u00e9 cet autre site. Ces sites peuvent collecter des donn\u00e9es sur vous, utiliser des cookies, int\u00e9grer des suivis tiers suppl\u00e9mentaires et suivre vos interactions avec ce contenu int\u00e9gr\u00e9, y compris si vous avez un compte et \u00eates connect\u00e9 \u00e0 leur site web.<\/p>\n\n\n\n<h3 class=\"wp-block-heading\">Partage de vos donn\u00e9es<\/h3>\n\n\n\n<p>Si vous demandez une r\u00e9initialisation de mot de passe, votre adresse IP sera incluse dans l\u2019e-mail de r\u00e9initialisation.<\/p>\n\n\n\n<h3 class=\"wp-block-heading\">Conservation de vos donn\u00e9es<\/h3>\n\n\n\n<p>Si vous laissez un commentaire, le commentaire et ses m\u00e9tadonn\u00e9es sont conserv\u00e9s ind\u00e9finiment. Cela permet de reconna\u00eetre et d\u2019approuver automatiquement les commentaires de suivi au lieu de les retenir dans une file de mod\u00e9ration.<\/p>\n\n\n\n<p>Pour les utilisateurs qui s\u2019enregistrent sur notre site (le cas \u00e9ch\u00e9ant), nous stockons \u00e9galement les informations personnelles fournies dans leur profil utilisateur. Tous les utilisateurs peuvent voir, modifier ou supprimer leurs informations personnelles \u00e0 tout moment (sauf leur nom d\u2019utilisateur). Les administrateurs du site peuvent \u00e9galement voir et modifier ces informations.<\/p>\n\n\n\n<h3 class=\"wp-block-heading\">Vos droits sur vos donn\u00e9es<\/h3>\n\n\n\n<p>Si vous avez un compte ou si vous avez laiss\u00e9 des commentaires, vous pouvez demander \u00e0 recevoir un fichier export\u00e9 des donn\u00e9es personnelles que nous d\u00e9tenons \u00e0 votre sujet, y compris les donn\u00e9es que vous nous avez fournies. Vous pouvez \u00e9galement demander que nous effacions les donn\u00e9es personnelles que nous d\u00e9tenons \u00e0 votre sujet. Cela n\u2019inclut pas les donn\u00e9es que nous sommes tenus de conserver \u00e0 des fins administratives, l\u00e9gales ou de s\u00e9curit\u00e9.<\/p>\n\n\n\n<h3 class=\"wp-block-heading\">Transmission de vos donn\u00e9es<\/h3>\n\n\n\n<p>Les commentaires des visiteurs peuvent \u00eatre v\u00e9rifi\u00e9s via un service automatis\u00e9 de d\u00e9tection de spam.<\/p>\n","protected":false},"excerpt":{"rendered":"<p>Qui sommes-nous L\u2019adresse de notre site web est : https:\/\/smartlumberai.w.manu.team. Commentaires Lorsque les visiteurs laissent des commentaires sur le site, nous collectons les donn\u00e9es indiqu\u00e9es dans le formulaire de commentaire, ainsi que l\u2019adresse IP du visiteur et la cha\u00eene de l\u2019agent utilisateur de son navigateur, pour aider \u00e0 la d\u00e9tection des spams. Une cha\u00eene anonymis\u00e9e [&hellip;]<\/p>\n","protected":false},"author":4,"featured_media":0,"parent":0,"menu_order":0,"comment_status":"closed","ping_status":"open","template":"","meta":{"footnotes":""},"class_list":["post-547","page","type-page","status-publish","hentry"],"_links":{"self":[{"href":"https:\/\/smartlumberai.ca\/fr\/wp-json\/wp\/v2\/pages\/547","targetHints":{"allow":["GET"]}}],"collection":[{"href":"https:\/\/smartlumberai.ca\/fr\/wp-json\/wp\/v2\/pages"}],"about":[{"href":"https:\/\/smartlumberai.ca\/fr\/wp-json\/wp\/v2\/types\/page"}],"author":[{"embeddable":true,"href":"https:\/\/smartlumberai.ca\/fr\/wp-json\/wp\/v2\/users\/4"}],"replies":[{"embeddable":true,"href":"https:\/\/smartlumberai.ca\/fr\/wp-json\/wp\/v2\/comments?post=547"}],"version-history":[{"count":1,"href":"https:\/\/smartlumberai.ca\/fr\/wp-json\/wp\/v2\/pages\/547\/revisions"}],"predecessor-version":[{"id":549,"href":"https:\/\/smartlumberai.ca\/fr\/wp-json\/wp\/v2\/pages\/547\/revisions\/549"}],"wp:attachment":[{"href":"https:\/\/smartlumberai.ca\/fr\/wp-json\/wp\/v2\/media?parent=547"}],"curies":[{"name":"wp","href":"https:\/\/api.w.org\/{rel}","templated":true}]}}