{"id":537,"date":"2024-05-06T07:10:45","date_gmt":"2024-05-06T07:10:45","guid":{"rendered":"https:\/\/smartlumberai.ca\/contact\/"},"modified":"2024-12-09T13:22:14","modified_gmt":"2024-12-09T13:22:14","slug":"contact","status":"publish","type":"page","link":"https:\/\/smartlumberai.ca\/fr\/contact\/","title":{"rendered":"Contact"},"content":{"rendered":"\t\t<div data-elementor-type=\"wp-page\" data-elementor-id=\"537\" class=\"elementor elementor-537 elementor-98\" data-elementor-post-type=\"page\">\n\t\t\t\t<div class=\"elementor-element elementor-element-6e3a021 e-con-full e-flex e-con e-parent\" data-id=\"6e3a021\" data-element_type=\"container\" data-settings=\"{&quot;background_background&quot;:&quot;classic&quot;}\">\n\t\t\t\t<div class=\"elementor-element elementor-element-3927525 elementor-widget elementor-widget-cdc_lai_contact_form_widget\" data-id=\"3927525\" data-element_type=\"widget\" data-widget_type=\"cdc_lai_contact_form_widget.default\">\n\t\t\t\t<div class=\"elementor-widget-container\">\n\t\t\t\t\t<section class=\"lai-contact\">\n\t\t\t<div class=\"lai-contact__decor lai-contact__decor_top-right\">\n\t\t\t\t<picture>\n\t\t\t\t\t<img decoding=\"async\" class=\"lai-contact__decor-img\" src=\"https:\/\/smartlumberai.ca\/wp-content\/themes\/cadence-lamberai\/assets\/images\/hero\/hero_decor_top-right.svg\" alt=\"\">\n\t\t\t\t<\/picture>\n\t\t\t<\/div>\n\n\t\t\t<div class=\"lai-contact__decor lai-contact__decor_bottom-left\">\n\t\t\t\t<picture>\n\t\t\t\t\t<img decoding=\"async\" class=\"lai-hero__decor-img\" src=\"https:\/\/smartlumberai.ca\/wp-content\/themes\/cadence-lamberai\/assets\/images\/contact\/contact_decor-bottom-left.svg\" alt=\"\">\n\t\t\t\t<\/picture>\n\t\t\t<\/div>\n\n\t\t\t<div class=\"lai-contact__decor lai-contact__decor_line-right\">\n\t\t\t\t<picture>\n\t\t\t\t\t<img decoding=\"async\" class=\"lai-contact__decor-img\" src=\"https:\/\/smartlumberai.ca\/wp-content\/themes\/cadence-lamberai\/assets\/images\/decor-line_1.webp\" alt=\"\">\n\t\t\t\t<\/picture>\n\t\t\t<\/div>\n\n\t\t\t<div class=\"lai-contact__decor lai-contact__decor_line-left-1\">\n\t\t\t\t<picture>\n\t\t\t\t\t<img decoding=\"async\" class=\"lai-contact__decor-img\" src=\"https:\/\/smartlumberai.ca\/wp-content\/themes\/cadence-lamberai\/assets\/images\/decor-line_1.webp\" alt=\"\">\n\t\t\t\t<\/picture>\n\t\t\t<\/div>\n\n\t\t\t<div class=\"lai-contact__decor lai-contact__decor_line-left-2\">\n\t\t\t\t<picture>\n\t\t\t\t\t<img decoding=\"async\" class=\"lai-contact__decor-img\" src=\"https:\/\/smartlumberai.ca\/wp-content\/themes\/cadence-lamberai\/assets\/images\/decor-line_1.webp\" alt=\"\">\n\t\t\t\t<\/picture>\n\t\t\t<\/div>\n\n\t\t\t<div class=\"lai-contact__decor lai-contact__decor_tree\">\n\t\t\t\t<picture>\n\t\t\t\t\t<img decoding=\"async\" class=\"lai-contact__decor-img\" src=\"https:\/\/smartlumberai.ca\/wp-content\/themes\/cadence-lamberai\/assets\/images\/contact\/contact_decor-tree-spruce-1.webp\" alt=\"\">\n\t\t\t\t<\/picture>\n\t\t\t<\/div>\n\n\t\t\t<div class=\"lai-contact__decor lai-contact__decor_wood\">\n\t\t\t\t<picture>\n\t\t\t\t\t<img decoding=\"async\" class=\"lai-contact__decor-img\" src=\"https:\/\/smartlumberai.ca\/wp-content\/themes\/cadence-lamberai\/assets\/images\/contact\/contact_decor-pile-wood.webp\" alt=\"\">\n\t\t\t\t<\/picture>\n\t\t\t<\/div>\n\n\t\t\t<div class=\"lai-container\">\n\t\t\t\t<div class=\"lai-contact__inner\">\n\t\t\t\t\t<div class=\"lai-contact__logo-wrapper\">\n\t\t\t\t\t\t<img decoding=\"async\" src=\"https:\/\/smartlumberai.ca\/wp-content\/themes\/cadence-lamberai\/assets\/images\/contact-logo.svg\" alt=\"\" class=\"lai-contact__logo\">\n\t\t\t\t\t<\/div>\n\n\t\t\t\t\t<h1 class=\"lai-contact__title\">\n              Aucun arr\u00eat. Aucun \u00e9cart. Aucun probl\u00e8me.\t\t\t\t\t<\/h1>\n\n\t\t\t\t\t<div class=\"lai-contact__subtitle\">\n              Nous sommes pr\u00eats \u00e0 apporter une intelligence artificielle facile \u00e0 utiliser et une vision industrielle \u00e0 votre scierie.\t\t\t\t\t<\/div>\n\n\t\t\t\t\t<div class=\"lai-contact__form-wrapper\">\n              \n<div class=\"wpcf7 no-js\" id=\"wpcf7-f542-o1\" lang=\"en-US\" dir=\"ltr\" data-wpcf7-id=\"542\">\n<div class=\"screen-reader-response\"><p role=\"status\" aria-live=\"polite\" aria-atomic=\"true\"><\/p> <ul><\/ul><\/div>\n<form action=\"\/fr\/wp-json\/wp\/v2\/pages\/537#wpcf7-f542-o1\" method=\"post\" class=\"wpcf7-form init\" aria-label=\"Contact form\" novalidate=\"novalidate\" data-status=\"init\">\n<div style=\"display: none;\">\n<input type=\"hidden\" name=\"_wpcf7\" value=\"542\" \/>\n<input type=\"hidden\" name=\"_wpcf7_version\" value=\"6.0\" \/>\n<input type=\"hidden\" name=\"_wpcf7_locale\" value=\"en_US\" \/>\n<input type=\"hidden\" name=\"_wpcf7_unit_tag\" value=\"wpcf7-f542-o1\" \/>\n<input type=\"hidden\" name=\"_wpcf7_container_post\" value=\"0\" \/>\n<input type=\"hidden\" name=\"_wpcf7_posted_data_hash\" value=\"\" \/>\n<input type=\"hidden\" name=\"_wpcf7_recaptcha_response\" value=\"\" \/>\n<\/div>\n<p><label><br \/>\n<span class=\"wpcf7-form-control-wrap\" data-name=\"your-name\"><input size=\"40\" maxlength=\"400\" class=\"wpcf7-form-control wpcf7-text wpcf7-validates-as-required\" autocomplete=\"name\" aria-required=\"true\" aria-invalid=\"false\" placeholder=\"Nom\" value=\"\" type=\"text\" name=\"your-name\" \/><\/span> <\/label>\n<\/p>\n<p><label><br \/>\n<span class=\"wpcf7-form-control-wrap\" data-name=\"your-email\"><input size=\"40\" maxlength=\"400\" class=\"wpcf7-form-control wpcf7-email wpcf7-validates-as-required wpcf7-text wpcf7-validates-as-email\" autocomplete=\"email\" aria-required=\"true\" aria-invalid=\"false\" placeholder=\"Courriel\" value=\"\" type=\"email\" name=\"your-email\" \/><\/span> <\/label>\n<\/p>\n<p><label><br \/>\n<span class=\"wpcf7-form-control-wrap\" data-name=\"your-tel\"><input size=\"40\" maxlength=\"400\" class=\"wpcf7-form-control wpcf7-tel wpcf7-validates-as-required wpcf7-text wpcf7-validates-as-tel\" aria-required=\"true\" aria-invalid=\"false\" placeholder=\"T\u00e9l\u00e9phone\" value=\"\" type=\"tel\" name=\"your-tel\" \/><\/span> <\/label>\n<\/p>\n<p><input class=\"wpcf7-form-control wpcf7-submit has-spinner\" type=\"submit\" value=\"PLANIFIER UNE D\u00c9MO &#032; &#10140;\" \/>\n<\/p><div class=\"wpcf7-response-output\" aria-hidden=\"true\"><\/div>\n<\/form>\n<\/div>\n\t\t\t\t\t<\/div>\n\t\t\t\t<\/div>\n\t\t\t<\/div>\n\t\t<\/section>\n\n\n\n\t\t\t<\/div>\n\t\t\t\t<\/div>\n\t\t\t\t<\/div>\n\t\t\t\t<\/div>\n\t\t","protected":false},"excerpt":{"rendered":"<p>Aucun arr\u00eat. Aucun \u00e9cart. Aucun probl\u00e8me. Nous sommes pr\u00eats \u00e0 apporter une intelligence artificielle facile \u00e0 utiliser et une vision industrielle \u00e0 votre scierie.<\/p>\n","protected":false},"author":4,"featured_media":0,"parent":0,"menu_order":0,"comment_status":"closed","ping_status":"closed","template":"","meta":{"footnotes":""},"class_list":["post-537","page","type-page","status-publish","hentry"],"_links":{"self":[{"href":"https:\/\/smartlumberai.ca\/fr\/wp-json\/wp\/v2\/pages\/537","targetHints":{"allow":["GET"]}}],"collection":[{"href":"https:\/\/smartlumberai.ca\/fr\/wp-json\/wp\/v2\/pages"}],"about":[{"href":"https:\/\/smartlumberai.ca\/fr\/wp-json\/wp\/v2\/types\/page"}],"author":[{"embeddable":true,"href":"https:\/\/smartlumberai.ca\/fr\/wp-json\/wp\/v2\/users\/4"}],"replies":[{"embeddable":true,"href":"https:\/\/smartlumberai.ca\/fr\/wp-json\/wp\/v2\/comments?post=537"}],"version-history":[{"count":5,"href":"https:\/\/smartlumberai.ca\/fr\/wp-json\/wp\/v2\/pages\/537\/revisions"}],"predecessor-version":[{"id":545,"href":"https:\/\/smartlumberai.ca\/fr\/wp-json\/wp\/v2\/pages\/537\/revisions\/545"}],"wp:attachment":[{"href":"https:\/\/smartlumberai.ca\/fr\/wp-json\/wp\/v2\/media?parent=537"}],"curies":[{"name":"wp","href":"https:\/\/api.w.org\/{rel}","templated":true}]}}